{"id":4591,"date":"2026-01-28T11:25:40","date_gmt":"2026-01-28T11:25:40","guid":{"rendered":"https:\/\/ohme.be\/offre-demploi-charge%c2%b7e-de-mediation-et-developpement-des-publics\/"},"modified":"2026-02-02T09:54:20","modified_gmt":"2026-02-02T09:54:20","slug":"offre-demploi-charge%c2%b7e-de-mediation-et-developpement-des-publics","status":"publish","type":"page","link":"https:\/\/ohme.be\/fr\/offre-demploi-charge%c2%b7e-de-mediation-et-developpement-des-publics\/","title":{"rendered":"Offre d&#8217;emploi : Charg\u00e9\u00b7e de m\u00e9diation et d\u00e9veloppement des publics"},"content":{"rendered":"\n<h2 class=\"wp-block-heading\"><strong>\u00c0 propos de Ohme<\/strong><\/h2>\n\n\n\n<p>Ohme est une plateforme de recherche, de cr\u00e9ation et de curation qui explore les enjeux soci\u00e9taux contemporains \u00e0 travers des initiatives transdisciplinaires entre arts et sciences.<\/p>\n\n\n\n<p>L\u2019organisation d\u00e9veloppe une diversit\u00e9 d\u2019activit\u00e9s &#8211; expositions, r\u00e9sidences artistiques, cocr\u00e9ation d\u2019\u0153uvres et de performances, programmes de recherche et actions de m\u00e9diation &#8211; en collaboration \u00e9troite avec des artistes, des chercheur\u00b7euses, des \u00e9tudiant\u00b7es, des institutions culturelles et acad\u00e9miques, ainsi qu\u2019avec le tissu associatif bruxellois.<\/p>\n\n\n\n<p>Ohme d\u00e9fend une approche r\u00e9solument exploratoire et transversale, visant \u00e0 d\u00e9passer les fronti\u00e8res disciplinaires, \u00e0 rendre accessibles des savoirs complexes et \u00e0 \u00e9largir les publics de la cr\u00e9ation contemporaine. Ses projets articulent formes artistiques et champs scientifiques, tissant des liens entre arts visuels, sonores et performatifs, et sciences formelles, naturelles, appliqu\u00e9es, sociales et humaines.<\/p>\n\n\n\n<p>Ohme dispose \u00e9galement d\u2019un Lab d\u2019ing\u00e9nierie d\u00e9di\u00e9 au design, au prototypage et \u00e0 la fabrication. Le Ohme Lab est un espace d\u2019exp\u00e9rimentation et de collaboration entre disciplines qui propose des expertises et des services techniques, scientifiques et d\u2019ing\u00e9nierie au service de la cr\u00e9ation artistique et de la recherche, \u00e0 destination d\u2019artistes, de chercheur\u00b7euses et de partenaires culturels et acad\u00e9miques.<\/p>\n\n\n\n<p>En parall\u00e8le de ses activit\u00e9s de cr\u00e9ation et de production, Ohme collabore avec des universit\u00e9s, des \u00e9coles d\u2019art et des \u00e9tablissements d\u2019enseignement sup\u00e9rieur afin de d\u00e9velopper des programmes acad\u00e9miques interdisciplinaires et innovants, favorisant le d\u00e9cloisonnement des pratiques, des savoirs et des publics.<\/p>\n\n\n\n<hr class=\"wp-block-separator has-alpha-channel-opacity\"\/>\n\n\n\n<h2 class=\"wp-block-heading\"><strong>Le poste<\/strong><\/h2>\n\n\n\n<p>Dans le cadre du d\u00e9veloppement de ses activit\u00e9s et d\u2019une convention pluriannuelle avec la COCOF, Ohme recrute un\u00b7e charg\u00e9\u00b7e de m\u00e9diation et d\u00e9veloppement des publics pour d\u00e9velopper et mettre en \u0153uvre l&#8217;ensemble de nos actions de m\u00e9diation autour de nos expositions annuelles et de notre programme de r\u00e9sidences artistico-scientifiques.<\/p>\n\n\n\n<p>Ce recrutement r\u00e9pond \u00e0 un besoin clairement identifi\u00e9 en interne : structurer et renforcer les actions de m\u00e9diation, d\u00e9velopper des publics diversifi\u00e9s et mettre en place une \u00e9valuation de l\u2019impact des activit\u00e9s men\u00e9es.<\/p>\n\n\n\n<p>Le poste est propos\u00e9 \u00e0 temps partiel (2 jours\/semaine), avec une volont\u00e9 affirm\u00e9e de le faire \u00e9voluer \u00e0 moyen terme, notamment via la cr\u00e9ation de nouvelles activit\u00e9s de m\u00e9diation et l\u2019identification de financements compl\u00e9mentaires.<\/p>\n\n\n\n<p>Le\u00b7la charg\u00e9\u00b7e de m\u00e9diation travaillera en lien \u00e9troit avec l\u2019\u00e9quipe de Ohme, du Ohme Lab, les artistes en r\u00e9sidence, les chercheur\u00b7euses partenaires et la charg\u00e9e de communication.<\/p>\n\n\n\n<p>Le poste de charg\u00e9\u00b7e de m\u00e9diation est un poste transversal, amen\u00e9 \u00e0 intervenir sur plusieurs types d\u2019activit\u00e9s men\u00e9es par Ohme. Il concerne plus particuli\u00e8rement les actions \u00e0 destination du grand public, \u00e0 savoir :<\/p>\n\n\n\n<ul class=\"wp-block-list\">\n<li>Les expositions et \u00e9v\u00e9nements publics produits ou coproduits par Ohme ;<\/li>\n\n\n\n<li>Le programme de r\u00e9sidences artistico-scientifiques, incluant les sorties de r\u00e9sidence et temps de rencontre avec les publics ;<\/li>\n\n\n\n<li>Les activit\u00e9s du Ohme Lab, notamment \u00e0 travers les \u00e9v\u00e9nements Open Lab, qui rendent visibles les processus de recherche, de cr\u00e9ation et de d\u00e9veloppement technique au service de la cr\u00e9ation artistique.<\/li>\n<\/ul>\n\n\n\n<p><br>Ce poste intervient de mani\u00e8re transversale sur ces diff\u00e9rents contextes, en articulant d\u00e9veloppement des publics, actions de m\u00e9diation, cr\u00e9ation de contenus et \u00e9valuation de l\u2019impact.<\/p>\n\n\n\n<hr class=\"wp-block-separator has-alpha-channel-opacity\"\/>\n\n\n\n<h2 class=\"wp-block-heading\"><strong>Missions principales<\/strong><\/h2>\n\n\n\n<h3 class=\"wp-block-heading\">1. D\u00e9veloppement et diversification des publics<\/h3>\n\n\n\n<ul class=\"wp-block-list\">\n<li>D\u00e9velopper, structurer et entretenir des relations avec des publics vari\u00e9s (scolaires, associatifs, artistes, chercheur\u00b7euses, \u00e9tudiant\u00b7es, publics pr\u00e9caris\u00e9s, \u00e0 besoins sp\u00e9cifiques et\/ou \u00e9loign\u00e9s de l\u2019offre culturelle), en lien \u00e9troit avec le tissu associatif, culturel et scolaire belge et bruxellois.<\/li>\n\n\n\n<li>Concevoir des strat\u00e9gies de m\u00e9diation adapt\u00e9es aux diff\u00e9rents contextes d\u2019activit\u00e9 de Ohme (expositions, r\u00e9sidences, Open Lab).<\/li>\n\n\n\n<li>Contribuer \u00e0 l\u2019augmentation et \u00e0 la diversification des publics touch\u00e9s par les actions de Ohme.<\/li>\n<\/ul>\n\n\n\n<h3 class=\"wp-block-heading\">2. Conception et mise en \u0153uvre d\u2019actions de m\u00e9diation<\/h3>\n\n\n\n<ul class=\"wp-block-list\">\n<li>Concevoir, organiser et animer des actions de m\u00e9diation autour : des r\u00e9sidences artistico-scientifiques (rencontres, sorties de r\u00e9sidence, ateliers), des expositions et \u00e9v\u00e9nements (visites guid\u00e9es, formats participatifs, conf\u00e9rences, etc.), des activit\u00e9s du Ohme Lab (portes ouvertes Open Lab, d\u00e9monstrations, rencontres autour des processus de cr\u00e9ation et de recherche).<\/li>\n\n\n\n<li>Proposer de nouveaux formats de m\u00e9diation, en dialogue avec les \u00e9quipes et partenaires.<\/li>\n\n\n\n<li>Former, coordonner ou accompagner des m\u00e9diateur\u00b7rices externes lorsque n\u00e9cessaire.<\/li>\n<\/ul>\n\n\n\n<h3 class=\"wp-block-heading\">3. Cr\u00e9ation de contenus de m\u00e9diation et de valorisation<\/h3>\n\n\n\n<ul class=\"wp-block-list\">\n<li>Produire ou coordonner la production de contenus de m\u00e9diation et de valorisation (textes p\u00e9dagogiques, interviews d\u2019artistes et de chercheur\u00b7euses, capsules vid\u00e9o, etc.), en \u00e9troite collaboration avec notre charg\u00e9e de communication afin d\u2019assurer leur coh\u00e9rence et leur diffusion.<\/li>\n\n\n\n<li>Aller chercher l\u2019information aupr\u00e8s des artistes en r\u00e9sidence, des chercheur\u00b7euses partenaires et des membres de l\u2019\u00e9quipe afin de rendre visibles les coulisses des projets et les processus de cr\u00e9ation, de recherche et de d\u00e9veloppement.<\/li>\n\n\n\n<li>Mettre en valeur la sp\u00e9cificit\u00e9 des r\u00e9sidences, des expositions et du travail men\u00e9 au sein du Ohme Lab, en articulant leurs dimensions artistiques, scientifiques, techniques et soci\u00e9tales.<\/li>\n<\/ul>\n\n\n\n<h3 class=\"wp-block-heading\">4. \u00c9valuation et mesure d\u2019impact<\/h3>\n\n\n\n<ul class=\"wp-block-list\">\n<li>D\u00e9velopper et mettre en \u0153uvre des outils d\u2019\u00e9valuation quantitative et qualitative des actions de m\u00e9diation.<\/li>\n\n\n\n<li>Analyser l\u2019impact des activit\u00e9s men\u00e9es aupr\u00e8s des diff\u00e9rents publics.<\/li>\n\n\n\n<li>Contribuer \u00e0 l\u2019am\u00e9lioration continue des dispositifs de m\u00e9diation et \u00e0 leur valorisation aupr\u00e8s des partenaires et financeurs.<\/li>\n<\/ul>\n\n\n\n<h3 class=\"wp-block-heading\">5. Travail transversal et d\u00e9veloppement du poste<\/h3>\n\n\n\n<ul class=\"wp-block-list\">\n<li>Participer \u00e0 la r\u00e9flexion strat\u00e9gique de l\u2019association sur les enjeux de m\u00e9diation, d\u2019accessibilit\u00e9 et de d\u00e9veloppement des publics.<\/li>\n\n\n\n<li>Contribuer \u00e0 la structuration et \u00e0 l\u2019\u00e9volution des fonctions de m\u00e9diation, de documentation et de communication au sein de Ohme.<\/li>\n\n\n\n<li>Participer \u00e0 la vie de l\u2019\u00e9quipe et aux dynamiques collectives de l\u2019association.<\/li>\n<\/ul>\n\n\n\n<hr class=\"wp-block-separator has-alpha-channel-opacity\"\/>\n\n\n\n<h2 class=\"wp-block-heading\"><strong>Profil recherch\u00e9<\/strong><\/h2>\n\n\n\n<h3 class=\"wp-block-heading\">Comp\u00e9tences et exp\u00e9rience<\/h3>\n\n\n\n<ul class=\"wp-block-list\">\n<li>Formation en m\u00e9diation culturelle, sciences de l\u2019\u00e9ducation, arts, communication, journalisme, sciences humaines ou \u00e9quivalent.<\/li>\n\n\n\n<li>Exp\u00e9rience confirm\u00e9e (minimum 3 ans) en m\u00e9diation culturelle et\/ou d\u00e9veloppement des publics,&nbsp;id\u00e9alement dans le domaine des arts visuels ou de l\u2019Artscience.<\/li>\n\n\n\n<li>Excellentes capacit\u00e9s r\u00e9dactionnelles en fran\u00e7ais, avec une aptitude \u00e0 la vulgarisation.<\/li>\n\n\n\n<li>Exp\u00e9rience de travail avec des publics diversifi\u00e9s, notamment publics scolaires, \u00e9loign\u00e9s de l\u2019offre culturelle et\/ou \u00e0 besoins sp\u00e9cifiques.<\/li>\n\n\n\n<li>Capacit\u00e9 \u00e0 concevoir et\/ou animer des activit\u00e9s participatives p\u00e9dagogiques et\/ou de m\u00e9diation culturelle et\/ou scientifique.<\/li>\n\n\n\n<li>Bonne connaissance du paysage culturel, associatif et \u00e9ducatif bruxellois.<\/li>\n\n\n\n<li>Capacit\u00e9 \u00e0 travailler de mani\u00e8re autonome et \u00e0 structurer un poste en d\u00e9veloppement.<\/li>\n<\/ul>\n\n\n\n<h3 class=\"wp-block-heading\">Atouts suppl\u00e9mentaires<\/h3>\n\n\n\n<ul class=\"wp-block-list\">\n<li>Sensibilit\u00e9 aux d\u00e9marches transdisciplinaires arts-sciences.<\/li>\n\n\n\n<li>Bilinguisme fran\u00e7ais-n\u00e9erlandais.<\/li>\n\n\n\n<li>Bonne ma\u00eetrise de l\u2019anglais appr\u00e9ci\u00e9e.<\/li>\n\n\n\n<li>Comp\u00e9tences en documentation audiovisuelle ou coordination de prestataires.<\/li>\n\n\n\n<li>Connaissance des enjeux d\u2019accessibilit\u00e9 culturelle et d\u2019inclusion.<\/li>\n\n\n\n<li>Exp\u00e9rience en gestion de projets culturels.<\/li>\n<\/ul>\n\n\n\n<h3 class=\"wp-block-heading\">Qualit\u00e9s personnelles<\/h3>\n\n\n\n<ul class=\"wp-block-list\">\n<li>Curiosit\u00e9 intellectuelle et ouverture d\u2019esprit.<\/li>\n\n\n\n<li>Capacit\u00e9 \u00e0 rendre accessibles des concepts complexes.<\/li>\n\n\n\n<li>Aisance relationnelle et sens du contact.<\/li>\n\n\n\n<li>Rigueur organisationnelle et esprit d\u2019initiative.<\/li>\n\n\n\n<li>Engagement envers l&#8217;accessibilit\u00e9 culturelle et la diversit\u00e9 des publics.<\/li>\n\n\n\n<li>Int\u00e9r\u00eat marqu\u00e9 pour les enjeux soci\u00e9taux, \u00e9ducatifs et culturels.<\/li>\n\n\n\n<li>Esprit d&#8217;\u00e9quipe et de collaboration.<\/li>\n<\/ul>\n\n\n\n<hr class=\"wp-block-separator has-alpha-channel-opacity\"\/>\n\n\n\n<h2 class=\"wp-block-heading\">Ce que nous offrons<\/h2>\n\n\n\n<ul class=\"wp-block-list\">\n<li>Un cadre de travail inspirant, au sein d\u2019une \u00e9quipe \u00e0 taille humaine, chaleureuse et collaborative.<\/li>\n\n\n\n<li>Un environnement transdisciplinaire arts\u2013sciences, au c\u0153ur de projets de recherche, de cr\u00e9ation et de m\u00e9diation abordant des enjeux soci\u00e9taux contemporains.<\/li>\n\n\n\n<li>La possibilit\u00e9 de co-d\u00e9velopper des projets de m\u00e9diation \u00e0 fort impact social, favorisant la rencontre avec des publics diversifi\u00e9s, notamment \u00e9loign\u00e9s de l\u2019offre culturelle.<\/li>\n\n\n\n<li>Un poste transversal, offrant un r\u00e9el espace d\u2019initiative et appel\u00e9 \u00e0 \u00e9voluer \u00e0 moyen terme, en lien avec le d\u00e9veloppement des activit\u00e9s, des publics et l\u2019identification de financements compl\u00e9mentaires.<\/li>\n<\/ul>\n\n\n\n<hr class=\"wp-block-separator has-alpha-channel-opacity\"\/>\n\n\n\n<h2 class=\"wp-block-heading\"><strong>Conditions<\/strong><\/h2>\n\n\n\n<ul class=\"wp-block-list\">\n<li>Type de contrat : CDD d\u2019un an, renouvelable<\/li>\n\n\n\n<li>R\u00e9gime : temps partiel &#8211; 2 jours par semaine<\/li>\n\n\n\n<li>Lieu de travail : Usquare, Avenue de la Couronne 227, 1050 Ixelles<\/li>\n\n\n\n<li>R\u00e9mun\u00e9ration : selon exp\u00e9rience et bar\u00e8mes du secteur socioculturel (CP 304)<\/li>\n\n\n\n<li>Entr\u00e9e en fonction souhait\u00e9e : avril-mai 2026<\/li>\n<\/ul>\n\n\n\n<hr class=\"wp-block-separator has-alpha-channel-opacity\"\/>\n\n\n\n<h2 class=\"wp-block-heading\"><strong>Candidature<\/strong><\/h2>\n\n\n\n<p>Merci d\u2019envoyer, <strong>sous forme d\u2019un seul fichier PDF <\/strong>:<\/p>\n\n\n\n<ul class=\"wp-block-list\">\n<li>Un CV,<\/li>\n\n\n\n<li>Une lettre de motivation,<\/li>\n\n\n\n<li>Et, si possible, un portfolio ou des exemples de projets de m\u00e9diation r\u00e9alis\u00e9s<\/li>\n<\/ul>\n\n\n\n<p>\u00e0 : <a href=\"mailto:opencall@ohme.be\">opencall@ohme.be<\/a> , avec comme objet : <em>Candidature &#8211; Charg\u00e9\u00b7e de m\u00e9diation<\/em><\/p>\n\n\n\n<p>Date limite de candidature : 15\/03\/2026<br>Des entretiens seront probablement organis\u00e9s entre le 23\/03\/2026 et le 27\/03\/2026<\/p>\n\n\n\n<p><\/p>\n","protected":false},"excerpt":{"rendered":"<p>\u00c0 propos de Ohme Ohme est une plateforme de recherche, de cr\u00e9ation et de curation qui explore les enjeux soci\u00e9taux contemporains \u00e0 travers des initiatives transdisciplinaires entre arts et sciences. L\u2019organisation d\u00e9veloppe une diversit\u00e9 d\u2019activit\u00e9s &#8211; expositions, r\u00e9sidences artistiques, cocr\u00e9ation d\u2019\u0153uvres et de performances, programmes de recherche et actions de m\u00e9diation &#8211; en collaboration \u00e9troite&#8230;  <a class=\"excerpt-read-more\" href=\"https:\/\/ohme.be\/fr\/offre-demploi-charge%c2%b7e-de-mediation-et-developpement-des-publics\/\" title=\"Read Offre d&#8217;emploi : Charg\u00e9\u00b7e de m\u00e9diation et d\u00e9veloppement des publics\">Read more &raquo;<\/a><\/p>\n","protected":false},"author":2,"featured_media":0,"parent":0,"menu_order":0,"comment_status":"closed","ping_status":"closed","template":"","meta":{"_acf_changed":false,"footnotes":""},"class_list":["post-4591","page","type-page","status-publish","hentry"],"acf":[],"_links":{"self":[{"href":"https:\/\/ohme.be\/fr\/wp-json\/wp\/v2\/pages\/4591","targetHints":{"allow":["GET"]}}],"collection":[{"href":"https:\/\/ohme.be\/fr\/wp-json\/wp\/v2\/pages"}],"about":[{"href":"https:\/\/ohme.be\/fr\/wp-json\/wp\/v2\/types\/page"}],"author":[{"embeddable":true,"href":"https:\/\/ohme.be\/fr\/wp-json\/wp\/v2\/users\/2"}],"replies":[{"embeddable":true,"href":"https:\/\/ohme.be\/fr\/wp-json\/wp\/v2\/comments?post=4591"}],"version-history":[{"count":9,"href":"https:\/\/ohme.be\/fr\/wp-json\/wp\/v2\/pages\/4591\/revisions"}],"predecessor-version":[{"id":4647,"href":"https:\/\/ohme.be\/fr\/wp-json\/wp\/v2\/pages\/4591\/revisions\/4647"}],"wp:attachment":[{"href":"https:\/\/ohme.be\/fr\/wp-json\/wp\/v2\/media?parent=4591"}],"curies":[{"name":"wp","href":"https:\/\/api.w.org\/{rel}","templated":true}]}}